{"id":17134,"date":"2021-06-10T11:00:34","date_gmt":"2021-06-10T11:00:34","guid":{"rendered":"https:\/\/rifugiobiella.it\/come-arrivare\/"},"modified":"2023-07-13T12:40:27","modified_gmt":"2023-07-13T12:40:27","slug":"how-to-arrive","status":"publish","type":"page","link":"https:\/\/rifugiobiella.it\/en\/how-to-arrive\/","title":{"rendered":"How to arrive"},"content":{"rendered":"\t\t<div data-elementor-type=\"wp-page\" data-elementor-id=\"17134\" class=\"elementor elementor-17134 elementor-15533\">\n\t\t\t\t\t\t\t\t\t<section class=\"elementor-section elementor-top-section elementor-element elementor-element-05e75b8 elementor-section-boxed elementor-section-height-default elementor-section-height-default parallax_section_no qode_elementor_container_no\" data-id=\"05e75b8\" data-element_type=\"section\">\n\t\t\t\t\t\t<div class=\"elementor-container elementor-column-gap-default\">\n\t\t\t\t\t<div class=\"elementor-column elementor-col-100 elementor-top-column elementor-element elementor-element-856e111\" data-id=\"856e111\" data-element_type=\"column\">\n\t\t\t<div class=\"elementor-widget-wrap elementor-element-populated\">\n\t\t\t\t\t\t\t\t<section class=\"elementor-section elementor-inner-section elementor-element elementor-element-0c34694 elementor-section-boxed elementor-section-height-default elementor-section-height-default parallax_section_no qode_elementor_container_no\" data-id=\"0c34694\" data-element_type=\"section\">\n\t\t\t\t\t\t<div class=\"elementor-container elementor-column-gap-default\">\n\t\t\t\t\t<div class=\"elementor-column elementor-col-100 elementor-inner-column elementor-element elementor-element-33c9122\" data-id=\"33c9122\" data-element_type=\"column\">\n\t\t\t<div class=\"elementor-widget-wrap elementor-element-populated\">\n\t\t\t\t\t\t\t\t<div class=\"elementor-element elementor-element-2fddf95 elementor-widget elementor-widget-spacer\" data-id=\"2fddf95\" data-element_type=\"widget\" data-widget_type=\"spacer.default\">\n\t\t\t\t<div class=\"elementor-widget-container\">\n\t\t\t<style>\/*! elementor - v3.13.2 - 11-05-2023 *\/\n.elementor-column .elementor-spacer-inner{height:var(--spacer-size)}.e-con{--container-widget-width:100%}.e-con-inner>.elementor-widget-spacer,.e-con>.elementor-widget-spacer{width:var(--container-widget-width,var(--spacer-size));--align-self:var(--container-widget-align-self,initial);--flex-shrink:0}.e-con-inner>.elementor-widget-spacer>.elementor-widget-container,.e-con-inner>.elementor-widget-spacer>.elementor-widget-container>.elementor-spacer,.e-con>.elementor-widget-spacer>.elementor-widget-container,.e-con>.elementor-widget-spacer>.elementor-widget-container>.elementor-spacer{height:100%}.e-con-inner>.elementor-widget-spacer>.elementor-widget-container>.elementor-spacer>.elementor-spacer-inner,.e-con>.elementor-widget-spacer>.elementor-widget-container>.elementor-spacer>.elementor-spacer-inner{height:var(--container-widget-height,var(--spacer-size))}<\/style>\t\t<div class=\"elementor-spacer\">\n\t\t\t<div class=\"elementor-spacer-inner\"><\/div>\n\t\t<\/div>\n\t\t\t\t<\/div>\n\t\t\t\t<\/div>\n\t\t\t\t<div class=\"elementor-element elementor-element-7afd268 titoloni elementor-widget elementor-widget-text-editor\" data-id=\"7afd268\" data-element_type=\"widget\" data-widget_type=\"text-editor.default\">\n\t\t\t\t<div class=\"elementor-widget-container\">\n\t\t\t<style>\/*! elementor - v3.13.2 - 11-05-2023 *\/\n.elementor-widget-text-editor.elementor-drop-cap-view-stacked .elementor-drop-cap{background-color:#69727d;color:#fff}.elementor-widget-text-editor.elementor-drop-cap-view-framed .elementor-drop-cap{color:#69727d;border:3px solid;background-color:transparent}.elementor-widget-text-editor:not(.elementor-drop-cap-view-default) .elementor-drop-cap{margin-top:8px}.elementor-widget-text-editor:not(.elementor-drop-cap-view-default) .elementor-drop-cap-letter{width:1em;height:1em}.elementor-widget-text-editor .elementor-drop-cap{float:left;text-align:center;line-height:1;font-size:50px}.elementor-widget-text-editor .elementor-drop-cap-letter{display:inline-block}<\/style>\t\t\t\t<h4>How reach us<\/h4>\t\t\t\t\t\t<\/div>\n\t\t\t\t<\/div>\n\t\t\t\t<div class=\"elementor-element elementor-element-a6e8d0e elementor-widget elementor-widget-spacer\" data-id=\"a6e8d0e\" data-element_type=\"widget\" data-widget_type=\"spacer.default\">\n\t\t\t\t<div class=\"elementor-widget-container\">\n\t\t\t\t\t<div class=\"elementor-spacer\">\n\t\t\t<div class=\"elementor-spacer-inner\"><\/div>\n\t\t<\/div>\n\t\t\t\t<\/div>\n\t\t\t\t<\/div>\n\t\t\t\t<div class=\"elementor-element elementor-element-90742d9 elementor-widget-divider--view-line elementor-widget elementor-widget-divider\" data-id=\"90742d9\" data-element_type=\"widget\" data-widget_type=\"divider.default\">\n\t\t\t\t<div class=\"elementor-widget-container\">\n\t\t\t<style>\/*! elementor - v3.13.2 - 11-05-2023 *\/\n.elementor-widget-divider{--divider-border-style:none;--divider-border-width:1px;--divider-color:#0c0d0e;--divider-icon-size:20px;--divider-element-spacing:10px;--divider-pattern-height:24px;--divider-pattern-size:20px;--divider-pattern-url:none;--divider-pattern-repeat:repeat-x}.elementor-widget-divider .elementor-divider{display:flex}.elementor-widget-divider .elementor-divider__text{font-size:15px;line-height:1;max-width:95%}.elementor-widget-divider .elementor-divider__element{margin:0 var(--divider-element-spacing);flex-shrink:0}.elementor-widget-divider .elementor-icon{font-size:var(--divider-icon-size)}.elementor-widget-divider .elementor-divider-separator{display:flex;margin:0;direction:ltr}.elementor-widget-divider--view-line_icon .elementor-divider-separator,.elementor-widget-divider--view-line_text .elementor-divider-separator{align-items:center}.elementor-widget-divider--view-line_icon .elementor-divider-separator:after,.elementor-widget-divider--view-line_icon .elementor-divider-separator:before,.elementor-widget-divider--view-line_text .elementor-divider-separator:after,.elementor-widget-divider--view-line_text .elementor-divider-separator:before{display:block;content:\"\";border-bottom:0;flex-grow:1;border-top:var(--divider-border-width) var(--divider-border-style) var(--divider-color)}.elementor-widget-divider--element-align-left .elementor-divider .elementor-divider-separator>.elementor-divider__svg:first-of-type{flex-grow:0;flex-shrink:100}.elementor-widget-divider--element-align-left .elementor-divider-separator:before{content:none}.elementor-widget-divider--element-align-left .elementor-divider__element{margin-left:0}.elementor-widget-divider--element-align-right .elementor-divider .elementor-divider-separator>.elementor-divider__svg:last-of-type{flex-grow:0;flex-shrink:100}.elementor-widget-divider--element-align-right .elementor-divider-separator:after{content:none}.elementor-widget-divider--element-align-right .elementor-divider__element{margin-right:0}.elementor-widget-divider:not(.elementor-widget-divider--view-line_text):not(.elementor-widget-divider--view-line_icon) .elementor-divider-separator{border-top:var(--divider-border-width) var(--divider-border-style) var(--divider-color)}.elementor-widget-divider--separator-type-pattern{--divider-border-style:none}.elementor-widget-divider--separator-type-pattern.elementor-widget-divider--view-line .elementor-divider-separator,.elementor-widget-divider--separator-type-pattern:not(.elementor-widget-divider--view-line) .elementor-divider-separator:after,.elementor-widget-divider--separator-type-pattern:not(.elementor-widget-divider--view-line) .elementor-divider-separator:before,.elementor-widget-divider--separator-type-pattern:not([class*=elementor-widget-divider--view]) .elementor-divider-separator{width:100%;min-height:var(--divider-pattern-height);-webkit-mask-size:var(--divider-pattern-size) 100%;mask-size:var(--divider-pattern-size) 100%;-webkit-mask-repeat:var(--divider-pattern-repeat);mask-repeat:var(--divider-pattern-repeat);background-color:var(--divider-color);-webkit-mask-image:var(--divider-pattern-url);mask-image:var(--divider-pattern-url)}.elementor-widget-divider--no-spacing{--divider-pattern-size:auto}.elementor-widget-divider--bg-round{--divider-pattern-repeat:round}.rtl .elementor-widget-divider .elementor-divider__text{direction:rtl}.e-con-inner>.elementor-widget-divider,.e-con>.elementor-widget-divider{width:var(--container-widget-width,100%);--flex-grow:var(--container-widget-flex-grow)}<\/style>\t\t<div class=\"elementor-divider\">\n\t\t\t<span class=\"elementor-divider-separator\">\n\t\t\t\t\t\t<\/span>\n\t\t<\/div>\n\t\t\t\t<\/div>\n\t\t\t\t<\/div>\n\t\t\t\t<div class=\"elementor-element elementor-element-72642e7 elementor-widget elementor-widget-spacer\" data-id=\"72642e7\" data-element_type=\"widget\" data-widget_type=\"spacer.default\">\n\t\t\t\t<div class=\"elementor-widget-container\">\n\t\t\t\t\t<div class=\"elementor-spacer\">\n\t\t\t<div class=\"elementor-spacer-inner\"><\/div>\n\t\t<\/div>\n\t\t\t\t<\/div>\n\t\t\t\t<\/div>\n\t\t\t\t\t<\/div>\n\t\t<\/div>\n\t\t\t\t\t\t\t<\/div>\n\t\t<\/section>\n\t\t\t\t<section class=\"elementor-section elementor-inner-section elementor-element elementor-element-879151f elementor-section-content-space-between elementor-section-boxed elementor-section-height-default elementor-section-height-default parallax_section_no qode_elementor_container_no\" data-id=\"879151f\" data-element_type=\"section\">\n\t\t\t\t\t\t<div class=\"elementor-container elementor-column-gap-default\">\n\t\t\t\t\t<div class=\"elementor-column elementor-col-50 elementor-inner-column elementor-element elementor-element-d9d2f8b\" data-id=\"d9d2f8b\" data-element_type=\"column\">\n\t\t\t<div class=\"elementor-widget-wrap elementor-element-populated\">\n\t\t\t\t\t\t\t\t<div class=\"elementor-element elementor-element-8f55231 elementor-widget elementor-widget-image\" data-id=\"8f55231\" data-element_type=\"widget\" data-widget_type=\"image.default\">\n\t\t\t\t<div class=\"elementor-widget-container\">\n\t\t\t<style>\/*! elementor - v3.13.2 - 11-05-2023 *\/\n.elementor-widget-image{text-align:center}.elementor-widget-image a{display:inline-block}.elementor-widget-image a img[src$=\".svg\"]{width:48px}.elementor-widget-image img{vertical-align:middle;display:inline-block}<\/style>\t\t\t\t\t\t\t\t\t\t\t\t<img decoding=\"async\" width=\"1920\" height=\"1280\" src=\"https:\/\/rifugiobiella.it\/wp-content\/uploads\/2023\/07\/strada-rifugio-biella.jpg\" class=\"attachment-full size-full wp-image-17232\" alt=\"\" loading=\"lazy\" srcset=\"https:\/\/rifugiobiella.it\/wp-content\/uploads\/2023\/07\/strada-rifugio-biella.jpg 1920w, https:\/\/rifugiobiella.it\/wp-content\/uploads\/2023\/07\/strada-rifugio-biella-300x200.jpg 300w, https:\/\/rifugiobiella.it\/wp-content\/uploads\/2023\/07\/strada-rifugio-biella-1024x683.jpg 1024w, https:\/\/rifugiobiella.it\/wp-content\/uploads\/2023\/07\/strada-rifugio-biella-768x512.jpg 768w, https:\/\/rifugiobiella.it\/wp-content\/uploads\/2023\/07\/strada-rifugio-biella-1536x1024.jpg 1536w, https:\/\/rifugiobiella.it\/wp-content\/uploads\/2023\/07\/strada-rifugio-biella-700x467.jpg 700w\" sizes=\"(max-width: 1920px) 100vw, 1920px\" \/>\t\t\t\t\t\t\t\t\t\t\t\t\t\t\t<\/div>\n\t\t\t\t<\/div>\n\t\t\t\t\t<\/div>\n\t\t<\/div>\n\t\t\t\t<div class=\"elementor-column elementor-col-50 elementor-inner-column elementor-element elementor-element-e7d4259\" data-id=\"e7d4259\" data-element_type=\"column\">\n\t\t\t<div class=\"elementor-widget-wrap elementor-element-populated\">\n\t\t\t\t\t\t\t\t<div class=\"elementor-element elementor-element-ceaf454 elementor-widget elementor-widget-text-editor\" data-id=\"ceaf454\" data-element_type=\"widget\" data-widget_type=\"text-editor.default\">\n\t\t\t\t<div class=\"elementor-widget-container\">\n\t\t\t\t\t\t\t<ul><li>From Ref. Malga Ra Stua, 1668 m, 2.45-3 hours T: on the cart track (s. 6) to Cianpo de Cr\u00f3sc, Val Salata and before the ref. S\u00e8nes, below C\u00f2l de ra Sci\u00f3res, right at the refuge.<\/li><li>From Rif. Malga Ra Stua, 1668 m, 2.30-2.45 hours E: on the cart track (s. 6) to Cianpo de Cr\u00f3sc, right with path. 26 to Cr\u00e9pe de Socr\u00f2da, M\u00f3nte de F\u00f2ses, Lago Gran de F\u00f2ses and to the refuge.<\/li><li>From the shelters of the Munt de S\u00e8nes, 2050\/60 m, hours 0.45-1 T: with sent. 6 and then on the cart track (s. 6-23) to Cianpo Ros.<\/li><li>From Lago di Br\u00e0ies, 1489 m, 3-3.30 E: with path 1 to Forcella Sora Forno, 2388 and shortly downhill to the refuge.<\/li><\/ul>\t\t\t\t\t\t<\/div>\n\t\t\t\t<\/div>\n\t\t\t\t<div class=\"elementor-element elementor-element-145f3e7 elementor-widget elementor-widget-spacer\" data-id=\"145f3e7\" data-element_type=\"widget\" data-widget_type=\"spacer.default\">\n\t\t\t\t<div class=\"elementor-widget-container\">\n\t\t\t\t\t<div class=\"elementor-spacer\">\n\t\t\t<div class=\"elementor-spacer-inner\"><\/div>\n\t\t<\/div>\n\t\t\t\t<\/div>\n\t\t\t\t<\/div>\n\t\t\t\t\t<\/div>\n\t\t<\/div>\n\t\t\t\t\t\t\t<\/div>\n\t\t<\/section>\n\t\t\t\t<div class=\"elementor-element elementor-element-3fd8f33 elementor-widget elementor-widget-spacer\" data-id=\"3fd8f33\" data-element_type=\"widget\" data-widget_type=\"spacer.default\">\n\t\t\t\t<div class=\"elementor-widget-container\">\n\t\t\t\t\t<div class=\"elementor-spacer\">\n\t\t\t<div class=\"elementor-spacer-inner\"><\/div>\n\t\t<\/div>\n\t\t\t\t<\/div>\n\t\t\t\t<\/div>\n\t\t\t\t\t<\/div>\n\t\t<\/div>\n\t\t\t\t\t\t\t<\/div>\n\t\t<\/section>\n\t\t\t\t<section class=\"elementor-section elementor-top-section elementor-element elementor-element-04b44a1 elementor-section-boxed elementor-section-height-default elementor-section-height-default parallax_section_no qode_elementor_container_no\" data-id=\"04b44a1\" data-element_type=\"section\">\n\t\t\t\t\t\t<div class=\"elementor-container elementor-column-gap-default\">\n\t\t\t\t\t<div class=\"elementor-column elementor-col-100 elementor-top-column elementor-element elementor-element-95efca4\" data-id=\"95efca4\" data-element_type=\"column\">\n\t\t\t<div class=\"elementor-widget-wrap elementor-element-populated\">\n\t\t\t\t\t\t\t\t<section class=\"elementor-section elementor-inner-section elementor-element elementor-element-e9e0346 elementor-section-boxed elementor-section-height-default elementor-section-height-default parallax_section_no qode_elementor_container_no\" data-id=\"e9e0346\" data-element_type=\"section\">\n\t\t\t\t\t\t<div class=\"elementor-container elementor-column-gap-default\">\n\t\t\t\t\t<div class=\"elementor-column elementor-col-50 elementor-inner-column elementor-element elementor-element-164dc36\" data-id=\"164dc36\" data-element_type=\"column\">\n\t\t\t<div class=\"elementor-widget-wrap elementor-element-populated\">\n\t\t\t\t\t\t\t\t<div class=\"elementor-element elementor-element-842712f elementor-invisible elementor-widget elementor-widget-image\" data-id=\"842712f\" data-element_type=\"widget\" data-settings=\"{&quot;_animation&quot;:&quot;fadeInLeft&quot;}\" data-widget_type=\"image.default\">\n\t\t\t\t<div class=\"elementor-widget-container\">\n\t\t\t\t\t\t\t\t\t\t\t\t\t\t\t<img decoding=\"async\" width=\"1024\" height=\"683\" src=\"https:\/\/rifugiobiella.it\/wp-content\/uploads\/2023\/07\/rifugio-biella-dal-basso-1024x683.jpg\" class=\"attachment-large size-large wp-image-17208\" alt=\"\" loading=\"lazy\" srcset=\"https:\/\/rifugiobiella.it\/wp-content\/uploads\/2023\/07\/rifugio-biella-dal-basso-1024x683.jpg 1024w, https:\/\/rifugiobiella.it\/wp-content\/uploads\/2023\/07\/rifugio-biella-dal-basso-300x200.jpg 300w, https:\/\/rifugiobiella.it\/wp-content\/uploads\/2023\/07\/rifugio-biella-dal-basso-768x512.jpg 768w, https:\/\/rifugiobiella.it\/wp-content\/uploads\/2023\/07\/rifugio-biella-dal-basso-1536x1024.jpg 1536w, https:\/\/rifugiobiella.it\/wp-content\/uploads\/2023\/07\/rifugio-biella-dal-basso-700x467.jpg 700w, https:\/\/rifugiobiella.it\/wp-content\/uploads\/2023\/07\/rifugio-biella-dal-basso.jpg 1920w\" sizes=\"(max-width: 1024px) 100vw, 1024px\" \/>\t\t\t\t\t\t\t\t\t\t\t\t\t\t\t<\/div>\n\t\t\t\t<\/div>\n\t\t\t\t<div class=\"elementor-element elementor-element-c284a0a elementor-widget elementor-widget-spacer\" data-id=\"c284a0a\" data-element_type=\"widget\" data-widget_type=\"spacer.default\">\n\t\t\t\t<div class=\"elementor-widget-container\">\n\t\t\t\t\t<div class=\"elementor-spacer\">\n\t\t\t<div class=\"elementor-spacer-inner\"><\/div>\n\t\t<\/div>\n\t\t\t\t<\/div>\n\t\t\t\t<\/div>\n\t\t\t\t\t<\/div>\n\t\t<\/div>\n\t\t\t\t<div class=\"elementor-column elementor-col-50 elementor-inner-column elementor-element elementor-element-2234eac\" data-id=\"2234eac\" data-element_type=\"column\">\n\t\t\t<div class=\"elementor-widget-wrap elementor-element-populated\">\n\t\t\t\t\t\t\t\t<div class=\"elementor-element elementor-element-5c6846e elementor-invisible elementor-widget elementor-widget-image\" data-id=\"5c6846e\" data-element_type=\"widget\" data-settings=\"{&quot;_animation&quot;:&quot;fadeInRight&quot;}\" data-widget_type=\"image.default\">\n\t\t\t\t<div class=\"elementor-widget-container\">\n\t\t\t\t\t\t\t\t\t\t\t\t\t\t\t<img decoding=\"async\" width=\"1024\" height=\"683\" src=\"https:\/\/rifugiobiella.it\/wp-content\/uploads\/2023\/07\/lago-braies-dal-biella-1024x683.jpg\" class=\"attachment-large size-large wp-image-17194\" alt=\"\" loading=\"lazy\" srcset=\"https:\/\/rifugiobiella.it\/wp-content\/uploads\/2023\/07\/lago-braies-dal-biella-1024x683.jpg 1024w, https:\/\/rifugiobiella.it\/wp-content\/uploads\/2023\/07\/lago-braies-dal-biella-300x200.jpg 300w, https:\/\/rifugiobiella.it\/wp-content\/uploads\/2023\/07\/lago-braies-dal-biella-768x512.jpg 768w, https:\/\/rifugiobiella.it\/wp-content\/uploads\/2023\/07\/lago-braies-dal-biella-1536x1024.jpg 1536w, https:\/\/rifugiobiella.it\/wp-content\/uploads\/2023\/07\/lago-braies-dal-biella-700x467.jpg 700w, https:\/\/rifugiobiella.it\/wp-content\/uploads\/2023\/07\/lago-braies-dal-biella.jpg 1920w\" sizes=\"(max-width: 1024px) 100vw, 1024px\" \/>\t\t\t\t\t\t\t\t\t\t\t\t\t\t\t<\/div>\n\t\t\t\t<\/div>\n\t\t\t\t\t<\/div>\n\t\t<\/div>\n\t\t\t\t\t\t\t<\/div>\n\t\t<\/section>\n\t\t\t\t\t<\/div>\n\t\t<\/div>\n\t\t\t\t\t\t\t<\/div>\n\t\t<\/section>\n\t\t\t\t\t\t\t<\/div>\n\t\t","protected":false},"excerpt":{"rendered":"<p>How reach us From Ref. Malga Ra Stua, 1668 m, 2.45-3 hours T: on the cart track (s. 6) to Cianpo de Cr\u00f3sc, Val Salata and before the ref. S\u00e8nes, below C\u00f2l de ra Sci\u00f3res, right at the refuge. From Rif. Malga Ra Stua, 1668&#8230;<\/p>\n","protected":false},"author":2,"featured_media":0,"parent":0,"menu_order":4,"comment_status":"closed","ping_status":"closed","template":"full_width.php","meta":[],"acf":[],"yoast_head":"<!-- This site is optimized with the Yoast SEO plugin v20.7 - https:\/\/yoast.com\/wordpress\/plugins\/seo\/ -->\n<title>How to arrive - Rifugio Biella - Seekofel H\u00fctte<\/title>\n<meta name=\"robots\" content=\"index, follow, max-snippet:-1, max-image-preview:large, max-video-preview:-1\" \/>\n<link rel=\"canonical\" href=\"https:\/\/rifugiobiella.it\/en\/how-to-arrive\/\" \/>\n<meta property=\"og:locale\" content=\"en_US\" \/>\n<meta property=\"og:type\" content=\"article\" \/>\n<meta property=\"og:title\" content=\"How to arrive - Rifugio Biella - Seekofel H\u00fctte\" \/>\n<meta property=\"og:description\" content=\"How reach us From Ref. Malga Ra Stua, 1668 m, 2.45-3 hours T: on the cart track (s. 6) to Cianpo de Cr\u00f3sc, Val Salata and before the ref. S\u00e8nes, below C\u00f2l de ra Sci\u00f3res, right at the refuge. From Rif. Malga Ra Stua, 1668...\" \/>\n<meta property=\"og:url\" content=\"https:\/\/rifugiobiella.it\/en\/how-to-arrive\/\" \/>\n<meta property=\"og:site_name\" content=\"Rifugio Biella - Seekofel H\u00fctte\" \/>\n<meta property=\"article:modified_time\" content=\"2023-07-13T12:40:27+00:00\" \/>\n<meta property=\"og:image\" content=\"https:\/\/rifugiobiella.it\/wp-content\/uploads\/2023\/07\/strada-rifugio-biella.jpg\" \/>\n<meta name=\"twitter:card\" content=\"summary_large_image\" \/>\n<meta name=\"twitter:label1\" content=\"Est. reading time\" \/>\n\t<meta name=\"twitter:data1\" content=\"1 minute\" \/>\n<script type=\"application\/ld+json\" class=\"yoast-schema-graph\">{\"@context\":\"https:\/\/schema.org\",\"@graph\":[{\"@type\":\"WebPage\",\"@id\":\"https:\/\/rifugiobiella.it\/en\/how-to-arrive\/\",\"url\":\"https:\/\/rifugiobiella.it\/en\/how-to-arrive\/\",\"name\":\"How to arrive - Rifugio Biella - Seekofel H\u00fctte\",\"isPartOf\":{\"@id\":\"https:\/\/rifugiobiella.it\/#website\"},\"datePublished\":\"2021-06-10T11:00:34+00:00\",\"dateModified\":\"2023-07-13T12:40:27+00:00\",\"breadcrumb\":{\"@id\":\"https:\/\/rifugiobiella.it\/en\/how-to-arrive\/#breadcrumb\"},\"inLanguage\":\"en-US\",\"potentialAction\":[{\"@type\":\"ReadAction\",\"target\":[\"https:\/\/rifugiobiella.it\/en\/how-to-arrive\/\"]}]},{\"@type\":\"BreadcrumbList\",\"@id\":\"https:\/\/rifugiobiella.it\/en\/how-to-arrive\/#breadcrumb\",\"itemListElement\":[{\"@type\":\"ListItem\",\"position\":1,\"name\":\"Home\",\"item\":\"https:\/\/rifugiobiella.it\/\"},{\"@type\":\"ListItem\",\"position\":2,\"name\":\"How to arrive\"}]},{\"@type\":\"WebSite\",\"@id\":\"https:\/\/rifugiobiella.it\/#website\",\"url\":\"https:\/\/rifugiobiella.it\/\",\"name\":\"Rifugio Biella - Seekofel H\u00fctte\",\"description\":\"\",\"publisher\":{\"@id\":\"https:\/\/rifugiobiella.it\/#organization\"},\"potentialAction\":[{\"@type\":\"SearchAction\",\"target\":{\"@type\":\"EntryPoint\",\"urlTemplate\":\"https:\/\/rifugiobiella.it\/?s={search_term_string}\"},\"query-input\":\"required name=search_term_string\"}],\"inLanguage\":\"en-US\"},{\"@type\":\"Organization\",\"@id\":\"https:\/\/rifugiobiella.it\/#organization\",\"name\":\"Rifugio Biella\",\"url\":\"https:\/\/rifugiobiella.it\/\",\"logo\":{\"@type\":\"ImageObject\",\"inLanguage\":\"en-US\",\"@id\":\"https:\/\/rifugiobiella.it\/#\/schema\/logo\/image\/\",\"url\":\"https:\/\/rifugiobiella.it\/wp-content\/uploads\/2023\/06\/rifugio-biella-favicon.png\",\"contentUrl\":\"https:\/\/rifugiobiella.it\/wp-content\/uploads\/2023\/06\/rifugio-biella-favicon.png\",\"width\":152,\"height\":152,\"caption\":\"Rifugio Biella\"},\"image\":{\"@id\":\"https:\/\/rifugiobiella.it\/#\/schema\/logo\/image\/\"}}]}<\/script>\n<!-- \/ Yoast SEO plugin. -->","yoast_head_json":{"title":"How to arrive - Rifugio Biella - Seekofel H\u00fctte","robots":{"index":"index","follow":"follow","max-snippet":"max-snippet:-1","max-image-preview":"max-image-preview:large","max-video-preview":"max-video-preview:-1"},"canonical":"https:\/\/rifugiobiella.it\/en\/how-to-arrive\/","og_locale":"en_US","og_type":"article","og_title":"How to arrive - Rifugio Biella - Seekofel H\u00fctte","og_description":"How reach us From Ref. Malga Ra Stua, 1668 m, 2.45-3 hours T: on the cart track (s. 6) to Cianpo de Cr\u00f3sc, Val Salata and before the ref. S\u00e8nes, below C\u00f2l de ra Sci\u00f3res, right at the refuge. From Rif. Malga Ra Stua, 1668...","og_url":"https:\/\/rifugiobiella.it\/en\/how-to-arrive\/","og_site_name":"Rifugio Biella - Seekofel H\u00fctte","article_modified_time":"2023-07-13T12:40:27+00:00","og_image":[{"url":"https:\/\/rifugiobiella.it\/wp-content\/uploads\/2023\/07\/strada-rifugio-biella.jpg"}],"twitter_card":"summary_large_image","twitter_misc":{"Est. reading time":"1 minute"},"schema":{"@context":"https:\/\/schema.org","@graph":[{"@type":"WebPage","@id":"https:\/\/rifugiobiella.it\/en\/how-to-arrive\/","url":"https:\/\/rifugiobiella.it\/en\/how-to-arrive\/","name":"How to arrive - Rifugio Biella - Seekofel H\u00fctte","isPartOf":{"@id":"https:\/\/rifugiobiella.it\/#website"},"datePublished":"2021-06-10T11:00:34+00:00","dateModified":"2023-07-13T12:40:27+00:00","breadcrumb":{"@id":"https:\/\/rifugiobiella.it\/en\/how-to-arrive\/#breadcrumb"},"inLanguage":"en-US","potentialAction":[{"@type":"ReadAction","target":["https:\/\/rifugiobiella.it\/en\/how-to-arrive\/"]}]},{"@type":"BreadcrumbList","@id":"https:\/\/rifugiobiella.it\/en\/how-to-arrive\/#breadcrumb","itemListElement":[{"@type":"ListItem","position":1,"name":"Home","item":"https:\/\/rifugiobiella.it\/"},{"@type":"ListItem","position":2,"name":"How to arrive"}]},{"@type":"WebSite","@id":"https:\/\/rifugiobiella.it\/#website","url":"https:\/\/rifugiobiella.it\/","name":"Rifugio Biella - Seekofel H\u00fctte","description":"","publisher":{"@id":"https:\/\/rifugiobiella.it\/#organization"},"potentialAction":[{"@type":"SearchAction","target":{"@type":"EntryPoint","urlTemplate":"https:\/\/rifugiobiella.it\/?s={search_term_string}"},"query-input":"required name=search_term_string"}],"inLanguage":"en-US"},{"@type":"Organization","@id":"https:\/\/rifugiobiella.it\/#organization","name":"Rifugio Biella","url":"https:\/\/rifugiobiella.it\/","logo":{"@type":"ImageObject","inLanguage":"en-US","@id":"https:\/\/rifugiobiella.it\/#\/schema\/logo\/image\/","url":"https:\/\/rifugiobiella.it\/wp-content\/uploads\/2023\/06\/rifugio-biella-favicon.png","contentUrl":"https:\/\/rifugiobiella.it\/wp-content\/uploads\/2023\/06\/rifugio-biella-favicon.png","width":152,"height":152,"caption":"Rifugio Biella"},"image":{"@id":"https:\/\/rifugiobiella.it\/#\/schema\/logo\/image\/"}}]}},"_links":{"self":[{"href":"https:\/\/rifugiobiella.it\/en\/wp-json\/wp\/v2\/pages\/17134"}],"collection":[{"href":"https:\/\/rifugiobiella.it\/en\/wp-json\/wp\/v2\/pages"}],"about":[{"href":"https:\/\/rifugiobiella.it\/en\/wp-json\/wp\/v2\/types\/page"}],"author":[{"embeddable":true,"href":"https:\/\/rifugiobiella.it\/en\/wp-json\/wp\/v2\/users\/2"}],"replies":[{"embeddable":true,"href":"https:\/\/rifugiobiella.it\/en\/wp-json\/wp\/v2\/comments?post=17134"}],"version-history":[{"count":7,"href":"https:\/\/rifugiobiella.it\/en\/wp-json\/wp\/v2\/pages\/17134\/revisions"}],"predecessor-version":[{"id":17290,"href":"https:\/\/rifugiobiella.it\/en\/wp-json\/wp\/v2\/pages\/17134\/revisions\/17290"}],"wp:attachment":[{"href":"https:\/\/rifugiobiella.it\/en\/wp-json\/wp\/v2\/media?parent=17134"}],"curies":[{"name":"wp","href":"https:\/\/api.w.org\/{rel}","templated":true}]}}